{"id":15,"date":"2022-07-23T09:47:52","date_gmt":"2022-07-23T09:47:52","guid":{"rendered":"https:\/\/kadence.pixel-show.com\/filmmaker\/?page_id=15"},"modified":"2023-05-19T22:31:09","modified_gmt":"2023-05-19T21:31:09","slug":"medlemssidor","status":"publish","type":"page","link":"https:\/\/zone031.nu\/laserdome\/medlemssidor\/","title":{"rendered":"Begr\u00e4nsat inneh\u00e5ll"},"content":{"rendered":"<p>Detta inneh\u00e5ll \u00e4r enbart tillg\u00e4nglig f\u00f6r f\u00f6reningens medlemmar. Inloggning kr\u00e4vs.<\/p>","protected":false},"excerpt":{"rendered":"","protected":false},"author":1,"featured_media":0,"parent":0,"menu_order":0,"comment_status":"closed","ping_status":"closed","template":"","meta":{"_kad_blocks_custom_css":"","_kad_blocks_head_custom_js":"","_kad_blocks_body_custom_js":"","_kad_blocks_footer_custom_js":"","_kadence_starter_templates_imported_post":true,"_kad_post_transparent":"","_kad_post_title":"hide","_kad_post_layout":"fullwidth","_kad_post_sidebar_id":"","_kad_post_content_style":"unboxed","_kad_post_vertical_padding":"hide","_kad_post_feature":"hide","_kad_post_feature_position":"","_kad_post_header":false,"_kad_post_footer":false,"footnotes":""},"class_list":["post-15","page","type-page","status-publish","hentry"],"taxonomy_info":[],"featured_image_src_large":false,"author_info":{"display_name":"Zone031","author_link":"https:\/\/zone031.nu\/laserdome\/author\/zone031\/"},"comment_info":0,"_links":{"self":[{"href":"https:\/\/zone031.nu\/laserdome\/wp-json\/wp\/v2\/pages\/15","targetHints":{"allow":["GET"]}}],"collection":[{"href":"https:\/\/zone031.nu\/laserdome\/wp-json\/wp\/v2\/pages"}],"about":[{"href":"https:\/\/zone031.nu\/laserdome\/wp-json\/wp\/v2\/types\/page"}],"author":[{"embeddable":true,"href":"https:\/\/zone031.nu\/laserdome\/wp-json\/wp\/v2\/users\/1"}],"replies":[{"embeddable":true,"href":"https:\/\/zone031.nu\/laserdome\/wp-json\/wp\/v2\/comments?post=15"}],"version-history":[{"count":27,"href":"https:\/\/zone031.nu\/laserdome\/wp-json\/wp\/v2\/pages\/15\/revisions"}],"predecessor-version":[{"id":1564,"href":"https:\/\/zone031.nu\/laserdome\/wp-json\/wp\/v2\/pages\/15\/revisions\/1564"}],"wp:attachment":[{"href":"https:\/\/zone031.nu\/laserdome\/wp-json\/wp\/v2\/media?parent=15"}],"curies":[{"name":"wp","href":"https:\/\/api.w.org\/{rel}","templated":true}]}}