{"id":26,"date":"2022-07-23T15:16:33","date_gmt":"2022-07-23T15:16:33","guid":{"rendered":"https:\/\/kadence.pixel-show.com\/filmmaker\/?page_id=26"},"modified":"2023-02-18T21:57:06","modified_gmt":"2023-02-18T20:57:06","slug":"laserspel","status":"publish","type":"page","link":"https:\/\/zone031.nu\/laserdome\/laserspel\/","title":{"rendered":"Lasersport"},"content":{"rendered":"<style>#kt-layout-id_7f01f8-81 > .kt-row-column-wrap{align-content:start;}:where(#kt-layout-id_7f01f8-81 > .kt-row-column-wrap) > .wp-block-kadence-column{justify-content:start;}#kt-layout-id_7f01f8-81 > .kt-row-column-wrap{column-gap:var(--global-kb-gap-md, 2rem);row-gap:var(--global-kb-gap-md, 2rem);max-width:600px;margin-left:auto;margin-right:auto;padding-top:var( --global-kb-row-default-top, 25px );padding-bottom:var( --global-kb-row-default-bottom, 25px );padding-top:160px;padding-bottom:80px;padding-left:20px;padding-right:20px;grid-template-columns:minmax(0, 1fr);}#kt-layout-id_7f01f8-81{background-image:url('https:\/\/zone031.nu\/laserdome\/wp-content\/uploads\/2023\/02\/Germannatsfinal.jpg');background-size:cover;background-position:50% 31%;background-attachment:scroll;background-repeat:no-repeat;}#kt-layout-id_7f01f8-81 > .kt-row-layout-overlay{opacity:0.86;background-color:var(--global-palette9, #ffffff);}@media all and (max-width: 1024px){#kt-layout-id_7f01f8-81 > .kt-row-column-wrap{grid-template-columns:minmax(0, 1fr);}}@media all and (max-width: 767px){#kt-layout-id_7f01f8-81 > .kt-row-column-wrap{grid-template-columns:minmax(0, 1fr);}}<\/style>\n<div class=\"wp-block-kadence-rowlayout alignnone\"><div id=\"kt-layout-id_7f01f8-81\" class=\"kt-row-layout-inner kt-row-has-bg kt-layout-id_7f01f8-81\"><div class=\"kt-row-layout-overlay kt-row-overlay-normal\"><\/div><div class=\"kt-row-column-wrap kt-has-1-columns kt-gutter-default kt-v-gutter-default kt-row-valign-top kt-row-layout-equal kt-tab-layout-inherit kt-m-colapse-left-to-right kt-mobile-layout-row\"><style>.kadence-column_16a708-5c > .kt-inside-inner-col{border-top-width:0px;border-right-width:0px;border-bottom-width:0px;border-left-width:0px;}.kadence-column_16a708-5c > .kt-inside-inner-col,.kadence-column_16a708-5c > .kt-inside-inner-col:before{border-top-left-radius:0px;border-top-right-radius:0px;border-bottom-right-radius:0px;border-bottom-left-radius:0px;}.kadence-column_16a708-5c > .kt-inside-inner-col{column-gap:var(--global-kb-gap-sm, 1rem);}.kadence-column_16a708-5c > .kt-inside-inner-col{flex-direction:column;}.kadence-column_16a708-5c > .kt-inside-inner-col > .aligncenter{width:100%;}.kadence-column_16a708-5c > .kt-inside-inner-col:before{opacity:0.3;}.kadence-column_16a708-5c{position:relative;}@media all and (max-width: 1024px){.kadence-column_16a708-5c > .kt-inside-inner-col{flex-direction:column;justify-content:center;}}@media all and (max-width: 767px){.kadence-column_16a708-5c > .kt-inside-inner-col{flex-direction:column;justify-content:center;}}<\/style>\n<div class=\"wp-block-kadence-column inner-column-1 kadence-column_16a708-5c\"><div class=\"kt-inside-inner-col\"><style>.wp-block-kadence-advancedheading.kt-adv-heading_4c22f2-f2, .wp-block-kadence-advancedheading.kt-adv-heading_4c22f2-f2[data-kb-block=\"kb-adv-heading_4c22f2-f2\"]{text-align:center;font-style:normal;}.wp-block-kadence-advancedheading.kt-adv-heading_4c22f2-f2 mark.kt-highlight, .wp-block-kadence-advancedheading.kt-adv-heading_4c22f2-f2[data-kb-block=\"kb-adv-heading_4c22f2-f2\"] mark.kt-highlight{font-style:normal;color:#f76a0c;-webkit-box-decoration-break:clone;box-decoration-break:clone;padding-top:0px;padding-right:0px;padding-bottom:0px;padding-left:0px;}<\/style>\n<h1 class=\"kt-adv-heading_4c22f2-f2 wp-block-kadence-advancedheading\" data-kb-block=\"kb-adv-heading_4c22f2-f2\">Lasersport<\/h1>\n\n\n<style>.wp-block-kadence-advancedheading.kt-adv-heading_58403b-9a, .wp-block-kadence-advancedheading.kt-adv-heading_58403b-9a[data-kb-block=\"kb-adv-heading_58403b-9a\"]{text-align:center;font-style:normal;}.wp-block-kadence-advancedheading.kt-adv-heading_58403b-9a mark.kt-highlight, .wp-block-kadence-advancedheading.kt-adv-heading_58403b-9a[data-kb-block=\"kb-adv-heading_58403b-9a\"] mark.kt-highlight{font-style:normal;color:#f76a0c;-webkit-box-decoration-break:clone;box-decoration-break:clone;padding-top:0px;padding-right:0px;padding-bottom:0px;padding-left:0px;}<\/style>\n<p class=\"kt-adv-heading_58403b-9a wp-block-kadence-advancedheading\" data-kb-block=\"kb-adv-heading_58403b-9a\">De flesta har en f\u00f6rst\u00e5else f\u00f6r vad Laserdome eller laserspel \u00e4r, men inte m\u00e5nga k\u00e4nner till skillnaden mot lasersport.<\/p>\n<\/div><\/div>\n<\/div><\/div><\/div>\n\n\n<style>#kt-layout-id_bfb7c7-73 > .kt-row-column-wrap{align-content:center;}:where(#kt-layout-id_bfb7c7-73 > .kt-row-column-wrap) > .wp-block-kadence-column{justify-content:center;}#kt-layout-id_bfb7c7-73 > .kt-row-column-wrap{column-gap:var(--global-kb-gap-md, 2rem);row-gap:var(--global-kb-gap-md, 2rem);max-width:1100px;margin-left:auto;margin-right:auto;padding-top:var( --global-kb-row-default-top, 25px );padding-bottom:var( --global-kb-row-default-bottom, 25px );padding-top:80px;padding-bottom:80px;padding-left:20px;padding-right:20px;grid-template-columns:minmax(0, calc(45% - ((var(--global-kb-gap-md, 2rem) * 1 )\/2)))minmax(0, calc(55% - ((var(--global-kb-gap-md, 2rem) * 1 )\/2)));}#kt-layout-id_bfb7c7-73 > .kt-row-layout-overlay{opacity:0.30;}@media all and (max-width: 1024px){#kt-layout-id_bfb7c7-73 > .kt-row-column-wrap{padding-top:60px;padding-right:150px;padding-bottom:60px;padding-left:150px;grid-template-columns:minmax(0, 1fr);}}@media all and (max-width: 767px){#kt-layout-id_bfb7c7-73 > .kt-row-column-wrap{padding-top:40px;padding-bottom:40px;padding-left:30px;padding-right:30px;grid-template-columns:minmax(0, 1fr);}}<\/style>\n<div class=\"wp-block-kadence-rowlayout alignnone\"><div id=\"kt-layout-id_bfb7c7-73\" class=\"kt-row-layout-inner kt-row-has-bg kt-layout-id_bfb7c7-73 has-theme-palette-8-background-color\"><div class=\"kt-row-column-wrap kt-has-2-columns kt-gutter-default kt-v-gutter-default kt-row-valign-middle kt-row-layout-equal kt-tab-layout-row kt-m-colapse-left-to-right kt-mobile-layout-row  kt-custom-first-width-45  kt-custom-second-width-55\"><style>.kadence-column_f0d27f-ec > .kt-inside-inner-col{border-top-width:0px;border-right-width:0px;border-bottom-width:0px;border-left-width:0px;}.kadence-column_f0d27f-ec > .kt-inside-inner-col,.kadence-column_f0d27f-ec > .kt-inside-inner-col:before{border-top-left-radius:0px;border-top-right-radius:0px;border-bottom-right-radius:0px;border-bottom-left-radius:0px;}.kadence-column_f0d27f-ec > .kt-inside-inner-col{column-gap:var(--global-kb-gap-sm, 1rem);}.kadence-column_f0d27f-ec > .kt-inside-inner-col{flex-direction:column;}.kadence-column_f0d27f-ec > .kt-inside-inner-col > .aligncenter{width:100%;}.kadence-column_f0d27f-ec > .kt-inside-inner-col:before{opacity:0.3;}.kadence-column_f0d27f-ec{position:relative;}.wp-block-kadence-column.kadence-column_f0d27f-ec > .kt-inside-inner-col{margin-right:80px;}@media all and (max-width: 1024px){.kadence-column_f0d27f-ec > .kt-inside-inner-col{flex-direction:column;justify-content:center;}}@media all and (max-width: 1024px){.wp-block-kadence-column.kadence-column_f0d27f-ec > .kt-inside-inner-col{margin-right:0px;margin-left:0px;}}@media all and (max-width: 767px){.kadence-column_f0d27f-ec > .kt-inside-inner-col{flex-direction:column;justify-content:center;}.wp-block-kadence-column.kadence-column_f0d27f-ec > .kt-inside-inner-col{margin-right:0px;margin-left:0px;}}<\/style>\n<div class=\"wp-block-kadence-column inner-column-1 kadence-column_f0d27f-ec\"><div class=\"kt-inside-inner-col\"><style>.wp-block-kadence-advancedheading.kt-adv-heading_97d6ff-96, .wp-block-kadence-advancedheading.kt-adv-heading_97d6ff-96[data-kb-block=\"kb-adv-heading_97d6ff-96\"]{font-style:normal;}.wp-block-kadence-advancedheading.kt-adv-heading_97d6ff-96 mark.kt-highlight, .wp-block-kadence-advancedheading.kt-adv-heading_97d6ff-96[data-kb-block=\"kb-adv-heading_97d6ff-96\"] mark.kt-highlight{font-style:normal;color:#f76a0c;-webkit-box-decoration-break:clone;box-decoration-break:clone;padding-top:0px;padding-right:0px;padding-bottom:0px;padding-left:0px;}@media all and (max-width: 1024px){.wp-block-kadence-advancedheading.kt-adv-heading_97d6ff-96, .wp-block-kadence-advancedheading.kt-adv-heading_97d6ff-96[data-kb-block=\"kb-adv-heading_97d6ff-96\"]{text-align:center!important;}}@media all and (max-width: 767px){.wp-block-kadence-advancedheading.kt-adv-heading_97d6ff-96, .wp-block-kadence-advancedheading.kt-adv-heading_97d6ff-96[data-kb-block=\"kb-adv-heading_97d6ff-96\"]{text-align:center!important;}}<\/style>\n<h6 class=\"kt-adv-heading_97d6ff-96 wp-block-kadence-advancedheading\" data-kb-block=\"kb-adv-heading_97d6ff-96\">Laserspel i allm\u00e4mhet<\/h6>\n\n\n<style>.wp-block-kadence-advancedheading.kt-adv-heading_c5861c-14, .wp-block-kadence-advancedheading.kt-adv-heading_c5861c-14[data-kb-block=\"kb-adv-heading_c5861c-14\"]{margin-top:20px;margin-bottom:30px;font-style:normal;}.wp-block-kadence-advancedheading.kt-adv-heading_c5861c-14 mark.kt-highlight, .wp-block-kadence-advancedheading.kt-adv-heading_c5861c-14[data-kb-block=\"kb-adv-heading_c5861c-14\"] mark.kt-highlight{font-style:normal;color:#f76a0c;-webkit-box-decoration-break:clone;box-decoration-break:clone;padding-top:0px;padding-right:0px;padding-bottom:0px;padding-left:0px;}@media all and (max-width: 1024px){.wp-block-kadence-advancedheading.kt-adv-heading_c5861c-14, .wp-block-kadence-advancedheading.kt-adv-heading_c5861c-14[data-kb-block=\"kb-adv-heading_c5861c-14\"]{text-align:center!important;}}@media all and (max-width: 767px){.wp-block-kadence-advancedheading.kt-adv-heading_c5861c-14, .wp-block-kadence-advancedheading.kt-adv-heading_c5861c-14[data-kb-block=\"kb-adv-heading_c5861c-14\"]{font-size:28px;text-align:center!important;}}<\/style>\n<h2 class=\"kt-adv-heading_c5861c-14 wp-block-kadence-advancedheading\" data-kb-block=\"kb-adv-heading_c5861c-14\">En fantastisk aktivetet f\u00f6r stora och sm\u00e5<\/h2>\n\n\n<style>.wp-block-kadence-advancedheading.kt-adv-heading_15761e-8d, .wp-block-kadence-advancedheading.kt-adv-heading_15761e-8d[data-kb-block=\"kb-adv-heading_15761e-8d\"]{font-style:normal;}.wp-block-kadence-advancedheading.kt-adv-heading_15761e-8d mark.kt-highlight, .wp-block-kadence-advancedheading.kt-adv-heading_15761e-8d[data-kb-block=\"kb-adv-heading_15761e-8d\"] mark.kt-highlight{font-style:normal;color:#f76a0c;-webkit-box-decoration-break:clone;box-decoration-break:clone;padding-top:0px;padding-right:0px;padding-bottom:0px;padding-left:0px;}@media all and (max-width: 1024px){.wp-block-kadence-advancedheading.kt-adv-heading_15761e-8d, .wp-block-kadence-advancedheading.kt-adv-heading_15761e-8d[data-kb-block=\"kb-adv-heading_15761e-8d\"]{text-align:center!important;}}@media all and (max-width: 767px){.wp-block-kadence-advancedheading.kt-adv-heading_15761e-8d, .wp-block-kadence-advancedheading.kt-adv-heading_15761e-8d[data-kb-block=\"kb-adv-heading_15761e-8d\"]{text-align:center!important;}}<\/style>\n<p class=\"kt-adv-heading_15761e-8d wp-block-kadence-advancedheading\" data-kb-block=\"kb-adv-heading_15761e-8d\">Laserspel, \u00e4ven kallat laserdome, \u00e4r sedan l\u00e4nge ett v\u00e4lk\u00e4nt begrepp. Sedan b\u00f6rjan av 90-talet har laserstr\u00e5lar skjutits kors och tv\u00e4rs i v\u00e5rt avl\u00e5nga land. Ett n\u00f6je som underh\u00e5llit s\u00e5v\u00e4l barnkalas som svensexor, firmafester som idrottslag.<\/p>\n\n\n\n<p>I mycket korta kan det beskrivas som ett spel, d\u00e4r varje deltagare har en sensorf\u00f6rsedd v\u00e4st p\u00e5 sig och ett &#8220;laservapen&#8221;.<br>N\u00e4r det tidsbegr\u00e4nsade spelet startar, g\u00e4ller det att tr\u00e4ffa s\u00e5 m\u00e5nga motspelare som m\u00f6jligt i en UV-belyst labyrint (arena).<\/p>\n<\/div><\/div>\n\n\n<style>.kadence-column_283b32-c0 > .kt-inside-inner-col{border-top-width:0px;border-right-width:0px;border-bottom-width:0px;border-left-width:0px;}.kadence-column_283b32-c0 > .kt-inside-inner-col,.kadence-column_283b32-c0 > .kt-inside-inner-col:before{border-top-left-radius:0px;border-top-right-radius:0px;border-bottom-right-radius:0px;border-bottom-left-radius:0px;}.kadence-column_283b32-c0 > .kt-inside-inner-col{column-gap:var(--global-kb-gap-sm, 1rem);}.kadence-column_283b32-c0 > .kt-inside-inner-col{flex-direction:column;}.kadence-column_283b32-c0 > .kt-inside-inner-col > .aligncenter{width:100%;}.kadence-column_283b32-c0 > .kt-inside-inner-col:before{opacity:0.3;}.kadence-column_283b32-c0{position:relative;}@media all and (max-width: 1024px){.kadence-column_283b32-c0 > .kt-inside-inner-col{flex-direction:column;justify-content:center;}}@media all and (max-width: 767px){.kadence-column_283b32-c0 > .kt-inside-inner-col{flex-direction:column;justify-content:center;}}<\/style>\n<div class=\"wp-block-kadence-column inner-column-2 kadence-column_283b32-c0\"><div class=\"kt-inside-inner-col\"><style>.kb-image_6f29dd-d2 .kb-image-has-overlay:after{opacity:0.3;}<\/style>\n<figure class=\"wp-block-kadence-image kb-image_6f29dd-d2\"><img loading=\"lazy\" decoding=\"async\" width=\"768\" height=\"1024\" src=\"https:\/\/zone031.nu\/laserdome\/wp-content\/uploads\/2023\/01\/IMG_3398.jpg\" alt=\"\" class=\"kb-img wp-image-1240\" srcset=\"https:\/\/zone031.nu\/laserdome\/wp-content\/uploads\/2023\/01\/IMG_3398.jpg 768w, https:\/\/zone031.nu\/laserdome\/wp-content\/uploads\/2023\/01\/IMG_3398-225x300.jpg 225w\" sizes=\"auto, (max-width: 768px) 100vw, 768px\" \/><\/figure>\n<\/div><\/div>\n<\/div><\/div><\/div>\n\n\n<style>#kt-layout-id_0aa4e5-a0 > .kt-row-column-wrap{align-content:start;}:where(#kt-layout-id_0aa4e5-a0 > .kt-row-column-wrap) > .wp-block-kadence-column{justify-content:start;}#kt-layout-id_0aa4e5-a0 > .kt-row-column-wrap{column-gap:var(--global-kb-gap-md, 2rem);row-gap:var(--global-kb-gap-md, 2rem);max-width:var( --global-content-width, 1290px );padding-left:var(--global-content-edge-padding);padding-right:var(--global-content-edge-padding);padding-top:var( --global-kb-row-default-top, 25px );padding-bottom:var( --global-kb-row-default-bottom, 25px );padding-top:80px;padding-bottom:80px;padding-left:20px;padding-right:20px;grid-template-columns:minmax(0, 1fr);}#kt-layout-id_0aa4e5-a0 > .kt-row-layout-overlay{opacity:0.30;}@media all and (max-width: 1024px){#kt-layout-id_0aa4e5-a0 > .kt-row-column-wrap{padding-top:60px;padding-right:150px;padding-bottom:60px;padding-left:150px;grid-template-columns:minmax(0, 1fr);}}@media all and (max-width: 767px){#kt-layout-id_0aa4e5-a0 > .kt-row-column-wrap{padding-top:40px;padding-bottom:40px;padding-left:30px;padding-right:30px;grid-template-columns:minmax(0, 1fr);}}<\/style>\n<div class=\"wp-block-kadence-rowlayout alignnone\"><div id=\"kt-layout-id_0aa4e5-a0\" class=\"kt-row-layout-inner kt-layout-id_0aa4e5-a0\"><div class=\"kt-row-column-wrap kt-has-1-columns kt-gutter-default kt-v-gutter-default kt-row-valign-top kt-row-layout-equal kt-tab-layout-inherit kt-m-colapse-left-to-right kt-mobile-layout-row kb-theme-content-width\"><style>.kadence-column_759d5e-e4 > .kt-inside-inner-col{border-top-width:0px;border-right-width:0px;border-bottom-width:0px;border-left-width:0px;}.kadence-column_759d5e-e4 > .kt-inside-inner-col,.kadence-column_759d5e-e4 > .kt-inside-inner-col:before{border-top-left-radius:0px;border-top-right-radius:0px;border-bottom-right-radius:0px;border-bottom-left-radius:0px;}.kadence-column_759d5e-e4 > .kt-inside-inner-col{column-gap:var(--global-kb-gap-sm, 1rem);}.kadence-column_759d5e-e4 > .kt-inside-inner-col{flex-direction:column;}.kadence-column_759d5e-e4 > .kt-inside-inner-col > .aligncenter{width:100%;}.kadence-column_759d5e-e4 > .kt-inside-inner-col:before{opacity:0.3;}.kadence-column_759d5e-e4{position:relative;}@media all and (max-width: 1024px){.kadence-column_759d5e-e4 > .kt-inside-inner-col{flex-direction:column;justify-content:center;}}@media all and (max-width: 767px){.kadence-column_759d5e-e4 > .kt-inside-inner-col{flex-direction:column;justify-content:center;}}<\/style>\n<div class=\"wp-block-kadence-column inner-column-1 kadence-column_759d5e-e4\"><div class=\"kt-inside-inner-col\"><style>#kt-layout-id_9aa9d4-c3 > .kt-row-column-wrap{align-content:start;}:where(#kt-layout-id_9aa9d4-c3 > .kt-row-column-wrap) > .wp-block-kadence-column{justify-content:start;}#kt-layout-id_9aa9d4-c3 > .kt-row-column-wrap{column-gap:var(--global-kb-gap-md, 2rem);row-gap:var(--global-kb-gap-md, 2rem);max-width:800px;margin-left:auto;margin-right:auto;padding-top:var( --global-kb-row-default-top, 25px );padding-bottom:var( --global-kb-row-default-bottom, 25px );grid-template-columns:minmax(0, 1fr);}#kt-layout-id_9aa9d4-c3 > .kt-row-layout-overlay{opacity:0.30;}@media all and (max-width: 1024px){#kt-layout-id_9aa9d4-c3 > .kt-row-column-wrap{grid-template-columns:minmax(0, 1fr);}}@media all and (max-width: 767px){#kt-layout-id_9aa9d4-c3 > .kt-row-column-wrap{padding-top:0px;grid-template-columns:minmax(0, 1fr);}}<\/style>\n<div class=\"wp-block-kadence-rowlayout alignnone\"><div id=\"kt-layout-id_9aa9d4-c3\" class=\"kt-row-layout-inner kt-layout-id_9aa9d4-c3\"><div class=\"kt-row-column-wrap kt-has-1-columns kt-gutter-default kt-v-gutter-default kt-row-valign-top kt-row-layout-equal kt-tab-layout-inherit kt-m-colapse-left-to-right kt-mobile-layout-row\"><style>.kadence-column_03d9be-8d > .kt-inside-inner-col{border-top-width:0px;border-right-width:0px;border-bottom-width:0px;border-left-width:0px;}.kadence-column_03d9be-8d > .kt-inside-inner-col,.kadence-column_03d9be-8d > .kt-inside-inner-col:before{border-top-left-radius:0px;border-top-right-radius:0px;border-bottom-right-radius:0px;border-bottom-left-radius:0px;}.kadence-column_03d9be-8d > .kt-inside-inner-col{column-gap:var(--global-kb-gap-sm, 1rem);}.kadence-column_03d9be-8d > .kt-inside-inner-col{flex-direction:column;}.kadence-column_03d9be-8d > .kt-inside-inner-col > .aligncenter{width:100%;}.kadence-column_03d9be-8d > .kt-inside-inner-col:before{opacity:0.3;}.kadence-column_03d9be-8d{position:relative;}@media all and (max-width: 1024px){.kadence-column_03d9be-8d > .kt-inside-inner-col{flex-direction:column;justify-content:center;}}@media all and (max-width: 767px){.kadence-column_03d9be-8d > .kt-inside-inner-col{flex-direction:column;justify-content:center;}}<\/style>\n<div class=\"wp-block-kadence-column inner-column-1 kadence-column_03d9be-8d\"><div class=\"kt-inside-inner-col\"><style>.wp-block-kadence-advancedheading.kt-adv-heading_c53020-32, .wp-block-kadence-advancedheading.kt-adv-heading_c53020-32[data-kb-block=\"kb-adv-heading_c53020-32\"]{text-align:center;font-style:normal;}.wp-block-kadence-advancedheading.kt-adv-heading_c53020-32 mark.kt-highlight, .wp-block-kadence-advancedheading.kt-adv-heading_c53020-32[data-kb-block=\"kb-adv-heading_c53020-32\"] mark.kt-highlight{font-style:normal;color:#f76a0c;-webkit-box-decoration-break:clone;box-decoration-break:clone;padding-top:0px;padding-right:0px;padding-bottom:0px;padding-left:0px;}<\/style>\n<h6 class=\"kt-adv-heading_c53020-32 wp-block-kadence-advancedheading\" data-kb-block=\"kb-adv-heading_c53020-32\">Ett n\u00f6je blir till sport<\/h6>\n\n\n<style>.wp-block-kadence-advancedheading.kt-adv-heading_41df1f-c8, .wp-block-kadence-advancedheading.kt-adv-heading_41df1f-c8[data-kb-block=\"kb-adv-heading_41df1f-c8\"]{margin-top:20px;margin-bottom:20px;text-align:center;font-style:normal;}.wp-block-kadence-advancedheading.kt-adv-heading_41df1f-c8 mark.kt-highlight, .wp-block-kadence-advancedheading.kt-adv-heading_41df1f-c8[data-kb-block=\"kb-adv-heading_41df1f-c8\"] mark.kt-highlight{font-style:normal;color:#f76a0c;-webkit-box-decoration-break:clone;box-decoration-break:clone;padding-top:0px;padding-right:0px;padding-bottom:0px;padding-left:0px;}@media all and (max-width: 767px){.wp-block-kadence-advancedheading.kt-adv-heading_41df1f-c8, .wp-block-kadence-advancedheading.kt-adv-heading_41df1f-c8[data-kb-block=\"kb-adv-heading_41df1f-c8\"]{font-size:28px;}}<\/style>\n<h2 class=\"kt-adv-heading_41df1f-c8 wp-block-kadence-advancedheading\" data-kb-block=\"kb-adv-heading_41df1f-c8\">Lasersport<\/h2>\n\n\n<style>.wp-block-kadence-advancedheading.kt-adv-heading_14c974-8f, .wp-block-kadence-advancedheading.kt-adv-heading_14c974-8f[data-kb-block=\"kb-adv-heading_14c974-8f\"]{text-align:center;font-style:normal;}.wp-block-kadence-advancedheading.kt-adv-heading_14c974-8f mark.kt-highlight, .wp-block-kadence-advancedheading.kt-adv-heading_14c974-8f[data-kb-block=\"kb-adv-heading_14c974-8f\"] mark.kt-highlight{font-style:normal;color:#f76a0c;-webkit-box-decoration-break:clone;box-decoration-break:clone;padding-top:0px;padding-right:0px;padding-bottom:0px;padding-left:0px;}<\/style>\n<p class=\"kt-adv-heading_14c974-8f wp-block-kadence-advancedheading\" data-kb-block=\"kb-adv-heading_14c974-8f\">Det vi i Zone031 \u00e4gnar oss \u00e5t \u00e4r dock n\u00e5got helt annat, men \u00e4nd\u00e5 inte. Teknologin \u00e4r densamma men spels\u00e4ttet och formaten drar en, f\u00f6r den invigde, tydlig skiljelinje.<\/p>\n\n\n\n<p>S\u00e5 fort ett n\u00f6je bli till en sport, inneb\u00e4r detta givetvis en hel del f\u00f6r\u00e4ndring i form av regler och begr\u00e4nsningar, men det \u00e4r inte allt. Inom laserspel \u00f6ppnas \u00e4ven en helt ny v\u00e4rld av olika spelformat och tekniker, som \u00e4r sv\u00e5ra att f\u00f6rest\u00e4lla sig pga av alla variabler. Endast fantasin s\u00e4tter egentligen stopp.<\/p>\n<\/div><\/div>\n<\/div><\/div><\/div>\n<\/div><\/div>\n<\/div><\/div><\/div>\n","protected":false},"excerpt":{"rendered":"<p>Lasersport De flesta har en f\u00f6rst\u00e5else f\u00f6r vad Laserdome eller laserspel \u00e4r, men inte m\u00e5nga k\u00e4nner till skillnaden mot lasersport. Laserspel i allm\u00e4mhet En fantastisk aktivetet f\u00f6r stora och sm\u00e5 Laserspel, \u00e4ven kallat laserdome, \u00e4r sedan l\u00e4nge ett v\u00e4lk\u00e4nt begrepp. Sedan b\u00f6rjan av 90-talet har laserstr\u00e5lar skjutits kors och tv\u00e4rs i v\u00e5rt avl\u00e5nga land. Ett&#8230;<\/p>\n","protected":false},"author":1,"featured_media":0,"parent":0,"menu_order":0,"comment_status":"closed","ping_status":"closed","template":"","meta":{"_kad_blocks_custom_css":"","_kad_blocks_head_custom_js":"","_kad_blocks_body_custom_js":"","_kad_blocks_footer_custom_js":"","_kadence_starter_templates_imported_post":true,"_kad_post_transparent":"","_kad_post_title":"hide","_kad_post_layout":"fullwidth","_kad_post_sidebar_id":"","_kad_post_content_style":"unboxed","_kad_post_vertical_padding":"hide","_kad_post_feature":"hide","_kad_post_feature_position":"","_kad_post_header":false,"_kad_post_footer":false,"footnotes":""},"class_list":["post-26","page","type-page","status-publish","hentry"],"taxonomy_info":[],"featured_image_src_large":false,"author_info":{"display_name":"Zone031","author_link":"https:\/\/zone031.nu\/laserdome\/author\/zone031\/"},"comment_info":0,"_links":{"self":[{"href":"https:\/\/zone031.nu\/laserdome\/wp-json\/wp\/v2\/pages\/26","targetHints":{"allow":["GET"]}}],"collection":[{"href":"https:\/\/zone031.nu\/laserdome\/wp-json\/wp\/v2\/pages"}],"about":[{"href":"https:\/\/zone031.nu\/laserdome\/wp-json\/wp\/v2\/types\/page"}],"author":[{"embeddable":true,"href":"https:\/\/zone031.nu\/laserdome\/wp-json\/wp\/v2\/users\/1"}],"replies":[{"embeddable":true,"href":"https:\/\/zone031.nu\/laserdome\/wp-json\/wp\/v2\/comments?post=26"}],"version-history":[{"count":6,"href":"https:\/\/zone031.nu\/laserdome\/wp-json\/wp\/v2\/pages\/26\/revisions"}],"predecessor-version":[{"id":1391,"href":"https:\/\/zone031.nu\/laserdome\/wp-json\/wp\/v2\/pages\/26\/revisions\/1391"}],"wp:attachment":[{"href":"https:\/\/zone031.nu\/laserdome\/wp-json\/wp\/v2\/media?parent=26"}],"curies":[{"name":"wp","href":"https:\/\/api.w.org\/{rel}","templated":true}]}}